{"id":35,"date":"2018-02-22T18:28:38","date_gmt":"2018-02-22T16:28:38","guid":{"rendered":"http:\/\/muistamo.fi\/?page_id=35"},"modified":"2018-03-29T04:53:00","modified_gmt":"2018-03-29T02:53:00","slug":"muistamo-fi","status":"publish","type":"page","link":"https:\/\/muistamo.fi\/","title":{"rendered":"muistamo.fi"},"content":{"rendered":"<p>MUISTAMO &#8211; sikin sokin sielt\u00e4 t\u00e4\u00e4lt\u00e4 milloin vain<\/p>\n<p>Torstai 22.02.2018 19:58.<\/p>\n<p>T\u00e4st\u00e4 kaikki alkoi.<br \/>\nEnsimm\u00e4iset nettiin lataamani sivut ovat nettisanomat.com-sivusto hein\u00e4kuussa 1999.<br \/>\nSen j\u00e4lkeen t\u00e4m\u00e4 nettisanomat-lehti on ilmestynyt ainakin joka viikko, niin, ett\u00e4 nykyinen j\u00e4rjestysnumero on 2064. Ilmestymisp\u00e4iv\u00e4 keskiviikko 14.02.2018. Osoite:<br \/>\n<a href=\"http:\/\/www.nettisanomat.com\/2018\/02\/14\/etusivu.html\">http:\/\/www.nettisanomat.com\/2018\/02\/14\/etusivu.html<\/a><\/p>\n<p>T\u00e4m\u00e4n lis\u00e4ksi olen avannut kymmeni\u00e4 muita sivustoja, joissa t\u00e4t\u00e4 nettisanomien aineistoa on julkaistu.<\/p>\n<p>Lis\u00e4ksi ajankohtainen viikkosanomat-blogi sivusto on ilmestynyt lokakuusta 2009 l\u00e4htien. Siin\u00e4 olen julkaissut 780 artikkelia keskiviikkoon 21.02.2018 menness\u00e4.<br \/>\nOsoite:\u00a0<a href=\"http:\/\/viikkosanomat.fi\/\">http:\/\/viikkosanomat.fi\/<\/a><\/p>\n<p>Lis\u00e4ksi t\u00e4h\u00e4n voin ainakin lis\u00e4t\u00e4 elama.fi-sivuston, johon ole ker\u00e4nnyt elokurvakerho KIRKUVAN ja Kirkkonummen Urheilijoiden historiaa. ihan raapaisuina ja sirpaleina. Osoite:\u00a0<a href=\"http:\/\/elama.fi\/\">http:\/\/elama.fi\/<\/a>.<\/p>\n<p>T\u00e4m\u00e4 muistamo.fi oli jo melkein tulossa jo pari vuotta sitten, mutten saanut sit\u00e4 aikaiseksi erilaisten kiireiden takia, joista pienimp\u00e4n\u00e4 ei ollut se kun joutui k\u00e4ytt\u00e4m\u00e4\u00e4n energiaa sananvapaustaisteluun asianajajan ja pankin virkailijan kanssa kunnianloukkausoikeudenk\u00e4ynniss\u00e4.<br \/>\nHovioikeuden tuomio osoitteessa:<br \/>\n<a href=\"http:\/\/www.nettisanomat.com\/2015\/11\/25\/etusivu.html\">http:\/\/www.nettisanomat.com\/2015\/11\/25\/etusivu.html<\/a><\/p>\n<p>T\u00e4m\u00e4n muistamo.fi-sivun idea on t\u00e4ss\u00e4 muodostunut hiljakseen. Lis\u00e4\u00e4n siihen jo olemassaolevaa aineistoa p\u00e4ivitetyin kommentein ja uutta aineistoa<br \/>\nSIKIN SOKIN SIELT\u00c4 T\u00c4\u00c4LT\u00c4.<\/p>\n<p>Muistamo. Pertti Manninen. Torstai 22.02.2018 19:58.<\/p>\n<p>PS. Pari koe sivua jo edellisin\u00e4 p\u00e4ivin\u00e4.<br \/>\n&#8212;<br \/>\nLis\u00e4ys otsikkoon 01.03.2018: &#8220;MILLOIN VAIN&#8221;.<\/p>\n<p>29.03.2018. Lis\u00e4tty p\u00e4iv\u00e4m\u00e4\u00e4r\u00e4 alkuun ja korjattu kirjoitushetken Nettisanomien j\u00e4rjestysnumero ja ilmestymisp\u00e4iv\u00e4m\u00e4\u00e4r\u00e4.<\/p>\n<p>YHTEYSTIETO : <a href=\"mailto:nettisanomat@hotmail.com\">nettisanomat@hotmail.com<\/a><\/p>\n","protected":false},"excerpt":{"rendered":"<p>MUISTAMO &#8211; sikin sokin sielt\u00e4 t\u00e4\u00e4lt\u00e4 milloin vain Torstai 22.02.2018 19:58. T\u00e4st\u00e4 kaikki alkoi. Ensimm\u00e4iset nettiin lataamani sivut ovat nettisanomat.com-sivusto hein\u00e4kuussa 1999. Sen j\u00e4lkeen t\u00e4m\u00e4 nettisanomat-lehti on ilmestynyt ainakin joka viikko, niin, ett\u00e4 nykyinen j\u00e4rjestysnumero on 2064. Ilmestymisp\u00e4iv\u00e4 keskiviikko 14.02.2018. Osoite: http:\/\/www.nettisanomat.com\/2018\/02\/14\/etusivu.html T\u00e4m\u00e4n lis\u00e4ksi olen avannut kymmeni\u00e4 muita sivustoja, joissa t\u00e4t\u00e4 nettisanomien aineistoa on julkaistu. &hellip; <a href=\"https:\/\/muistamo.fi\/\" class=\"more-link\">Continue reading <span class=\"screen-reader-text\">muistamo.fi<\/span><\/a><\/p>\n","protected":false},"author":1,"featured_media":0,"parent":0,"menu_order":0,"comment_status":"closed","ping_status":"closed","template":"","meta":{"footnotes":""},"class_list":["post-35","page","type-page","status-publish","hentry"],"_links":{"self":[{"href":"https:\/\/muistamo.fi\/index.php\/wp-json\/wp\/v2\/pages\/35","targetHints":{"allow":["GET"]}}],"collection":[{"href":"https:\/\/muistamo.fi\/index.php\/wp-json\/wp\/v2\/pages"}],"about":[{"href":"https:\/\/muistamo.fi\/index.php\/wp-json\/wp\/v2\/types\/page"}],"author":[{"embeddable":true,"href":"https:\/\/muistamo.fi\/index.php\/wp-json\/wp\/v2\/users\/1"}],"replies":[{"embeddable":true,"href":"https:\/\/muistamo.fi\/index.php\/wp-json\/wp\/v2\/comments?post=35"}],"version-history":[{"count":10,"href":"https:\/\/muistamo.fi\/index.php\/wp-json\/wp\/v2\/pages\/35\/revisions"}],"predecessor-version":[{"id":123,"href":"https:\/\/muistamo.fi\/index.php\/wp-json\/wp\/v2\/pages\/35\/revisions\/123"}],"wp:attachment":[{"href":"https:\/\/muistamo.fi\/index.php\/wp-json\/wp\/v2\/media?parent=35"}],"curies":[{"name":"wp","href":"https:\/\/api.w.org\/{rel}","templated":true}]}}